{"id":9,"date":"2020-06-09T12:12:03","date_gmt":"2020-06-09T12:12:03","guid":{"rendered":"http:\/\/pli-tele.uib.es\/?page_id=9"},"modified":"2020-11-19T09:13:33","modified_gmt":"2020-11-19T09:13:33","slug":"equipo-de-trabajo","status":"publish","type":"page","link":"https:\/\/pli-tele.uib.es\/index.php\/equipo-de-trabajo\/","title":{"rendered":"Equipo de trabajo"},"content":{"rendered":"\n<p><strong>Investigadores Principales:<\/strong><\/p>\n\n\n\n<ul class=\"wp-block-list\"><li><a href=\"https:\/\/gte.uib.cat\/miembro\/jesus-salinas-ibanez\/\" data-type=\"URL\" data-id=\"https:\/\/gte.uib.cat\/miembro\/jesus-salinas-ibanez\/\" target=\"_blank\" rel=\"noreferrer noopener\">Jes\u00fas Salinas Ib\u00e1\u00f1ez<\/a><\/li><li><a href=\"https:\/\/gte.uib.cat\/miembro\/barbara-de-benito\/\" data-type=\"URL\" data-id=\"https:\/\/gte.uib.cat\/miembro\/barbara-de-benito\/\" target=\"_blank\" rel=\"noreferrer noopener\">B\u00e1rbara Luisa de Benito Crosetti<\/a><\/li><\/ul>\n\n\n\n<p><strong>Investigadores del grupo:<\/strong><\/p>\n\n\n\n<ul class=\"wp-block-list\"><li><a href=\"https:\/\/gte.uib.cat\/miembro\/adolfina-perez-i-garcias\/\" data-type=\"URL\" data-id=\"https:\/\/gte.uib.cat\/miembro\/adolfina-perez-i-garcias\/\" target=\"_blank\" rel=\"noreferrer noopener\">Adolfina P\u00e9rez Garcias<\/a><\/li><li><a href=\"https:\/\/gte.uib.cat\/miembro\/santos-urbina\/\" data-type=\"URL\" data-id=\"https:\/\/gte.uib.cat\/miembro\/santos-urbina\/\" target=\"_blank\" rel=\"noreferrer noopener\">Santos Urbina Ram\u00edrez<\/a><\/li><li><a href=\"https:\/\/gte.uib.cat\/miembro\/antonia-darder-mesquida\/\" data-type=\"URL\" data-id=\"https:\/\/gte.uib.cat\/miembro\/antonia-darder-mesquida\/\" target=\"_blank\" rel=\"noreferrer noopener\">Ant\u00f2nia Darder Mesquida<\/a><\/li><li><a href=\"https:\/\/gte.uib.cat\/miembro\/gemma-tur\/\" data-type=\"URL\" data-id=\"https:\/\/gte.uib.cat\/miembro\/gemma-tur\/\" target=\"_blank\" rel=\"noreferrer noopener\">Gemma Tur Ferrer<\/a><\/li><li><a href=\"https:\/\/gte.uib.cat\/miembro\/victoria-i-marin\/\" data-type=\"URL\" data-id=\"https:\/\/gte.uib.cat\/miembro\/victoria-i-marin\/\" target=\"_blank\" rel=\"noreferrer noopener\">Victoria Irene Mar\u00edn Juarros<\/a><\/li><li><a href=\"https:\/\/gte.uib.cat\/miembro\/miriam-conde\/\" data-type=\"URL\" data-id=\"https:\/\/gte.uib.cat\/miembro\/miriam-conde\/\" target=\"_blank\" rel=\"noreferrer noopener\">M\u00edriam Gloria Conde Vila<\/a><\/li><li><a href=\"https:\/\/gte.uib.cat\/miembro\/juan-moreno-garcia\/\" data-type=\"URL\" data-id=\"https:\/\/gte.uib.cat\/miembro\/juan-moreno-garcia\/\" target=\"_blank\" rel=\"noreferrer noopener\">Juan Moreno Garc\u00eda<\/a><\/li><li><a href=\"https:\/\/gte.uib.cat\/miembro\/francisco-lirola\/\" data-type=\"URL\" data-id=\"https:\/\/gte.uib.cat\/miembro\/francisco-lirola\/\" target=\"_blank\" rel=\"noreferrer noopener\">Francisco Ram\u00f3n Lirola Sabater<\/a><\/li><li><a href=\"https:\/\/gte.uib.cat\/miembro\/alexandra-lizana\/\" data-type=\"URL\" data-id=\"https:\/\/gte.uib.cat\/miembro\/alexandra-lizana\/\" target=\"_blank\" rel=\"noreferrer noopener\">Alexandra Lizana Carri\u00f3<\/a><\/li><li><a href=\"https:\/\/gte.uib.cat\/miembro\/catalina-ordinas\/\" data-type=\"URL\" data-id=\"https:\/\/gte.uib.cat\/miembro\/catalina-ordinas\/\" target=\"_blank\" rel=\"noreferrer noopener\">Catalina Ordinas Pons<\/a><\/li><li><a href=\"https:\/\/www.uib.es\/es\/personal\/ABDIwMDE\/\" data-type=\"URL\" data-id=\"https:\/\/www.uib.es\/es\/personal\/ABDIwMDE\/\" target=\"_blank\" rel=\"noreferrer noopener\">Antonio Sola Venteo<\/a><\/li><\/ul>\n\n\n\n<p><strong>Investigadores externos<\/strong><\/p>\n\n\n\n<ul class=\"wp-block-list\"><li><a rel=\"noreferrer noopener\" href=\"https:\/\/ua838608.serversignin.com\/cgi-bin\/personal\/bartolome.lc?idioma=1\" data-type=\"URL\" data-id=\"https:\/\/ua838608.serversignin.com\/cgi-bin\/personal\/bartolome.lc?idioma=1\" target=\"_blank\">Antonio Ram\u00f3n Bartolom\u00e9 Pina<\/a> (Universitat de Barcelona)<\/li><li><a rel=\"noreferrer noopener\" href=\"http:\/\/webgrec.udl.es\/webpages\/personal\/cat\/000071_carrera.pip.UdL.es.html\" data-type=\"URL\" data-id=\"http:\/\/webgrec.udl.es\/webpages\/personal\/cat\/000071_carrera.pip.UdL.es.html\" target=\"_blank\">Francisco Javier Carrera Ferran<\/a> (Universitat de Lleida)<\/li><li><a rel=\"noreferrer noopener\" href=\"https:\/\/www.um.es\/gite\/cms\/?mcm_people=linda-castaneda-quintero\" data-type=\"URL\" data-id=\"https:\/\/www.um.es\/gite\/cms\/?mcm_people=linda-castaneda-quintero\" target=\"_blank\">Linda Casta\u00f1eda Quintero<\/a> (Universidad de Murcia)<\/li><li><a rel=\"noreferrer noopener\" href=\"http:\/\/webgrec.udl.es\/webpages\/personal\/cas\/000135_coiduras.pip.udl.cat.html\" data-type=\"URL\" data-id=\"http:\/\/webgrec.udl.es\/webpages\/personal\/cas\/000135_coiduras.pip.udl.cat.html\" target=\"_blank\">Jordi Coiduras Rodr\u00edguez<\/a> (Universitat de Lleida)<\/li><li><a rel=\"noreferrer noopener\" href=\"http:\/\/www.fepts.udl.cat\/export\/sites\/Fepts\/ca\/.galleries\/Professorat\/pip\/BRESCO.pdf\" data-type=\"URL\" data-id=\"http:\/\/www.fepts.udl.cat\/export\/sites\/Fepts\/ca\/.galleries\/Professorat\/pip\/BRESCO.pdf\" target=\"_blank\">Enric Bresc\u00f3 Baiges<\/a> (Universitat de Lleida)<\/li><li><a href=\"https:\/\/uabc.academia.edu\/MilagrosGuiza\" data-type=\"URL\" data-id=\"https:\/\/uabc.academia.edu\/MilagrosGuiza\" target=\"_blank\" rel=\"noreferrer noopener\">Milagros Guiza Ezkauriatza<\/a> (Universidad Aut\u00f3noma de Baja California, M\u00e9xico)<\/li><li><a rel=\"noreferrer noopener\" href=\"http:\/\/educacion.usach.cl\/index.php\/pregrado\/23-pregrado\/profesores-jornada-completa\/79-juan-silva-quiroz\" data-type=\"URL\" data-id=\"http:\/\/educacion.usach.cl\/index.php\/pregrado\/23-pregrado\/profesores-jornada-completa\/79-juan-silva-quiroz\" target=\"_blank\">Juan Eusebio Silva Quiroz<\/a> (Universidad de Santiago de Chile, Chile)<\/li><\/ul>\n\n\n\n<p>Total de participantes: 20<\/p>\n","protected":false},"excerpt":{"rendered":"<p>Investigadores Principales: Jes\u00fas Salinas Ib\u00e1\u00f1ez B\u00e1rbara Luisa de Benito Crosetti Investigadores del grupo: Adolfina P\u00e9rez Garcias Santos Urbina Ram\u00edrez Ant\u00f2nia<\/p>\n","protected":false},"author":1,"featured_media":0,"parent":0,"menu_order":0,"comment_status":"closed","ping_status":"closed","template":"","meta":{"footnotes":""},"class_list":["post-9","page","type-page","status-publish","hentry"],"_links":{"self":[{"href":"https:\/\/pli-tele.uib.es\/index.php\/wp-json\/wp\/v2\/pages\/9","targetHints":{"allow":["GET"]}}],"collection":[{"href":"https:\/\/pli-tele.uib.es\/index.php\/wp-json\/wp\/v2\/pages"}],"about":[{"href":"https:\/\/pli-tele.uib.es\/index.php\/wp-json\/wp\/v2\/types\/page"}],"author":[{"embeddable":true,"href":"https:\/\/pli-tele.uib.es\/index.php\/wp-json\/wp\/v2\/users\/1"}],"replies":[{"embeddable":true,"href":"https:\/\/pli-tele.uib.es\/index.php\/wp-json\/wp\/v2\/comments?post=9"}],"version-history":[{"count":38,"href":"https:\/\/pli-tele.uib.es\/index.php\/wp-json\/wp\/v2\/pages\/9\/revisions"}],"predecessor-version":[{"id":372,"href":"https:\/\/pli-tele.uib.es\/index.php\/wp-json\/wp\/v2\/pages\/9\/revisions\/372"}],"wp:attachment":[{"href":"https:\/\/pli-tele.uib.es\/index.php\/wp-json\/wp\/v2\/media?parent=9"}],"curies":[{"name":"wp","href":"https:\/\/api.w.org\/{rel}","templated":true}]}}