{"id":731,"date":"2022-03-17T09:01:06","date_gmt":"2022-03-17T09:01:06","guid":{"rendered":"https:\/\/pli-tele.uib.es\/?page_id=731"},"modified":"2022-03-17T09:01:06","modified_gmt":"2022-03-17T09:01:06","slug":"seminario-iv-estrategias-metodologicas-para-la-personalizacion-de-itinerarios-de-aprendizaje-en-entornos-enriquecidos-por-la-tecnologia","status":"publish","type":"page","link":"https:\/\/pli-tele.uib.es\/index.php\/seminario-iv-estrategias-metodologicas-para-la-personalizacion-de-itinerarios-de-aprendizaje-en-entornos-enriquecidos-por-la-tecnologia\/","title":{"rendered":"Seminario IV: Estrategias metodol\u00f3gicas para la personalizaci\u00f3n de itinerarios de aprendizaje en entornos enriquecidos por la tecnolog\u00eda"},"content":{"rendered":"\n<div class=\"wp-block-image\"><figure class=\"aligncenter size-full\"><img loading=\"lazy\" decoding=\"async\" width=\"539\" height=\"762\" src=\"https:\/\/pli-tele.uib.es\/wp-content\/uploads\/2022\/03\/Diapositiva1-3.jpeg\" alt=\"\" class=\"wp-image-732\" srcset=\"https:\/\/pli-tele.uib.es\/wp-content\/uploads\/2022\/03\/Diapositiva1-3.jpeg 539w, https:\/\/pli-tele.uib.es\/wp-content\/uploads\/2022\/03\/Diapositiva1-3-212x300.jpeg 212w\" sizes=\"auto, (max-width: 539px) 100vw, 539px\" \/><\/figure><\/div>\n","protected":false},"excerpt":{"rendered":"","protected":false},"author":9,"featured_media":0,"parent":0,"menu_order":0,"comment_status":"closed","ping_status":"closed","template":"","meta":{"footnotes":""},"class_list":["post-731","page","type-page","status-publish","hentry"],"_links":{"self":[{"href":"https:\/\/pli-tele.uib.es\/index.php\/wp-json\/wp\/v2\/pages\/731","targetHints":{"allow":["GET"]}}],"collection":[{"href":"https:\/\/pli-tele.uib.es\/index.php\/wp-json\/wp\/v2\/pages"}],"about":[{"href":"https:\/\/pli-tele.uib.es\/index.php\/wp-json\/wp\/v2\/types\/page"}],"author":[{"embeddable":true,"href":"https:\/\/pli-tele.uib.es\/index.php\/wp-json\/wp\/v2\/users\/9"}],"replies":[{"embeddable":true,"href":"https:\/\/pli-tele.uib.es\/index.php\/wp-json\/wp\/v2\/comments?post=731"}],"version-history":[{"count":1,"href":"https:\/\/pli-tele.uib.es\/index.php\/wp-json\/wp\/v2\/pages\/731\/revisions"}],"predecessor-version":[{"id":733,"href":"https:\/\/pli-tele.uib.es\/index.php\/wp-json\/wp\/v2\/pages\/731\/revisions\/733"}],"wp:attachment":[{"href":"https:\/\/pli-tele.uib.es\/index.php\/wp-json\/wp\/v2\/media?parent=731"}],"curies":[{"name":"wp","href":"https:\/\/api.w.org\/{rel}","templated":true}]}}